{"id":82,"date":"2021-04-06T19:22:26","date_gmt":"2021-04-06T17:22:26","guid":{"rendered":"https:\/\/lefablabdudon.wordpress.com\/?page_id=82"},"modified":"2021-09-12T22:24:45","modified_gmt":"2021-09-12T20:24:45","slug":"les-ateliers-numeriques","status":"publish","type":"page","link":"https:\/\/fablabdudon.bzh\/index.php\/les-ateliers-numeriques\/","title":{"rendered":"Les ateliers num\u00e9riques"},"content":{"rendered":"\n<p>Le FabLab anime des cycles de formation au profit de l\u2019<a href=\"https:\/\/aseptpdl.fr\/\" target=\"_blank\" rel=\"noreferrer noopener\">ASEPT<\/a> (Association de Sant\u00e9 d\u2019\u00c9ducation et de Pr\u00e9vention sur les Territoires) des Pays de la Loire. Il s\u2019agit de cycles de 10 s\u00e9ances hebdomadaires, \u00e0 destination de groupes de 8 seniors, pour les initier aux technologies de l\u2019information, sur des tablettes num\u00e9riques.<\/p>\n\n\n\n<p>Chaque cycle est un partenariat entre l\u2019ASEPT, l\u2019animateur et un organisme d\u2019accueil (mairie, communaut\u00e9 de commune, Espace France Service, etc.).<\/p>\n\n\n\n<p>Apr\u00e8s une dizaine de cycles, le FabLab du Don s\u2019est constitu\u00e9 un r\u00e9seau de seniors sur le territoire, b\u00e9n\u00e9ficiant d\u2019un \u00ab&nbsp;service apr\u00e8s-vente&nbsp;\u00bb de proximit\u00e9.<\/p>\n\n\n\n<figure class=\"wp-block-image size-large is-style-default\"><img decoding=\"async\" loading=\"lazy\" width=\"1024\" height=\"832\" src=\"https:\/\/fablabdudon.bzh\/wp-content\/uploads\/2021\/06\/Article_LEMAG-web-1024x832.jpg\" alt=\"\" class=\"wp-image-385\" srcset=\"https:\/\/fablabdudon.bzh\/wp-content\/uploads\/2021\/06\/Article_LEMAG-web-1024x832.jpg 1024w, https:\/\/fablabdudon.bzh\/wp-content\/uploads\/2021\/06\/Article_LEMAG-web-300x244.jpg 300w, https:\/\/fablabdudon.bzh\/wp-content\/uploads\/2021\/06\/Article_LEMAG-web-768x624.jpg 768w, https:\/\/fablabdudon.bzh\/wp-content\/uploads\/2021\/06\/Article_LEMAG-web-1536x1247.jpg 1536w, https:\/\/fablabdudon.bzh\/wp-content\/uploads\/2021\/06\/Article_LEMAG-web-2048x1663.jpg 2048w\" sizes=\"(max-width: 1024px) 100vw, 1024px\" \/><\/figure>\n\n\n\n<p><\/p>\n","protected":false},"excerpt":{"rendered":"<p>Le FabLab anime des cycles de formation au profit de l\u2019ASEPT (Association de Sant\u00e9 d\u2019\u00c9ducation et de Pr\u00e9vention sur les Territoires) des Pays de la Loire. Il s\u2019agit de cycles de 10 s\u00e9ances hebdomadaires, \u00e0 destination de groupes de 8 seniors, pour les initier aux technologies de l\u2019information, sur des tablettes num\u00e9riques. Chaque cycle est [&hellip;]<\/p>\n","protected":false},"author":1,"featured_media":0,"parent":0,"menu_order":0,"comment_status":"closed","ping_status":"closed","template":"","meta":{"_monsterinsights_skip_tracking":false,"_monsterinsights_sitenote_active":false,"_monsterinsights_sitenote_note":"","_monsterinsights_sitenote_category":0,"site-sidebar-layout":"default","site-content-layout":"default","ast-site-content-layout":"default","site-content-style":"default","site-sidebar-style":"default","ast-global-header-display":"","ast-banner-title-visibility":"","ast-main-header-display":"","ast-hfb-above-header-display":"","ast-hfb-below-header-display":"","ast-hfb-mobile-header-display":"","site-post-title":"","ast-breadcrumbs-content":"","ast-featured-img":"","footer-sml-layout":"","ast-disable-related-posts":"","theme-transparent-header-meta":"default","adv-header-id-meta":"","stick-header-meta":"","header-above-stick-meta":"","header-main-stick-meta":"","header-below-stick-meta":"","astra-migrate-meta-layouts":"default","ast-page-background-enabled":"default","ast-page-background-meta":{"desktop":{"background-color":"","background-image":"","background-repeat":"repeat","background-position":"center center","background-size":"auto","background-attachment":"scroll","background-type":"","background-media":"","overlay-type":"","overlay-color":"","overlay-opacity":"","overlay-gradient":""},"tablet":{"background-color":"","background-image":"","background-repeat":"repeat","background-position":"center center","background-size":"auto","background-attachment":"scroll","background-type":"","background-media":"","overlay-type":"","overlay-color":"","overlay-opacity":"","overlay-gradient":""},"mobile":{"background-color":"","background-image":"","background-repeat":"repeat","background-position":"center center","background-size":"auto","background-attachment":"scroll","background-type":"","background-media":"","overlay-type":"","overlay-color":"","overlay-opacity":"","overlay-gradient":""}},"ast-content-background-meta":{"desktop":{"background-color":"var(--ast-global-color-5)","background-image":"","background-repeat":"repeat","background-position":"center center","background-size":"auto","background-attachment":"scroll","background-type":"","background-media":"","overlay-type":"","overlay-color":"","overlay-opacity":"","overlay-gradient":""},"tablet":{"background-color":"var(--ast-global-color-5)","background-image":"","background-repeat":"repeat","background-position":"center center","background-size":"auto","background-attachment":"scroll","background-type":"","background-media":"","overlay-type":"","overlay-color":"","overlay-opacity":"","overlay-gradient":""},"mobile":{"background-color":"var(--ast-global-color-5)","background-image":"","background-repeat":"repeat","background-position":"center center","background-size":"auto","background-attachment":"scroll","background-type":"","background-media":"","overlay-type":"","overlay-color":"","overlay-opacity":"","overlay-gradient":""}},"footnotes":""},"aioseo_notices":[],"_links":{"self":[{"href":"https:\/\/fablabdudon.bzh\/index.php\/wp-json\/wp\/v2\/pages\/82"}],"collection":[{"href":"https:\/\/fablabdudon.bzh\/index.php\/wp-json\/wp\/v2\/pages"}],"about":[{"href":"https:\/\/fablabdudon.bzh\/index.php\/wp-json\/wp\/v2\/types\/page"}],"author":[{"embeddable":true,"href":"https:\/\/fablabdudon.bzh\/index.php\/wp-json\/wp\/v2\/users\/1"}],"replies":[{"embeddable":true,"href":"https:\/\/fablabdudon.bzh\/index.php\/wp-json\/wp\/v2\/comments?post=82"}],"version-history":[{"count":3,"href":"https:\/\/fablabdudon.bzh\/index.php\/wp-json\/wp\/v2\/pages\/82\/revisions"}],"predecessor-version":[{"id":680,"href":"https:\/\/fablabdudon.bzh\/index.php\/wp-json\/wp\/v2\/pages\/82\/revisions\/680"}],"wp:attachment":[{"href":"https:\/\/fablabdudon.bzh\/index.php\/wp-json\/wp\/v2\/media?parent=82"}],"curies":[{"name":"wp","href":"https:\/\/api.w.org\/{rel}","templated":true}]}}