{"id":7,"date":"2021-04-06T14:43:35","date_gmt":"2021-04-06T13:43:35","guid":{"rendered":"https:\/\/lefablabdudon.wordpress.com\/?page_id=6"},"modified":"2023-11-12T14:47:41","modified_gmt":"2023-11-12T13:47:41","slug":"home","status":"publish","type":"page","link":"https:\/\/fablabdudon.bzh\/","title":{"rendered":"Accueil"},"content":{"rendered":"\n<div class=\"wp-block-cover alignfull is-light\" id=\"bucolique\"><span aria-hidden=\"true\" class=\"wp-block-cover__background has-background-dim-10 has-background-dim\"><\/span><img decoding=\"async\" loading=\"lazy\" width=\"1992\" height=\"608\" class=\"wp-block-cover__image-background wp-image-66\" alt=\"\" src=\"https:\/\/fablabdudon.bzh\/wp-content\/uploads\/2021\/04\/paysage-bucolique.jpg\" data-object-fit=\"cover\" srcset=\"https:\/\/fablabdudon.bzh\/wp-content\/uploads\/2021\/04\/paysage-bucolique.jpg 1992w, https:\/\/fablabdudon.bzh\/wp-content\/uploads\/2021\/04\/paysage-bucolique-300x92.jpg 300w, https:\/\/fablabdudon.bzh\/wp-content\/uploads\/2021\/04\/paysage-bucolique-1024x313.jpg 1024w, https:\/\/fablabdudon.bzh\/wp-content\/uploads\/2021\/04\/paysage-bucolique-768x234.jpg 768w, https:\/\/fablabdudon.bzh\/wp-content\/uploads\/2021\/04\/paysage-bucolique-1536x469.jpg 1536w, https:\/\/fablabdudon.bzh\/wp-content\/uploads\/2021\/04\/paysage-bucolique-1568x479.jpg 1568w\" sizes=\"(max-width: 1992px) 100vw, 1992px\" \/><div class=\"wp-block-cover__inner-container is-layout-flow wp-block-cover-is-layout-flow\">\n<div class=\"wp-block-jetpack-layout-grid alignfull column1-desktop-grid__span-8 column1-desktop-grid__start-3 column1-desktop-grid__row-1 column1-tablet-grid__span-8 column1-tablet-grid__row-1 column1-mobile-grid__span-4 column1-mobile-grid__row-1\">\n<div class=\"wp-block-jetpack-layout-grid-column wp-block-jetpack-layout-grid__padding-none\">\n<h1 class=\"wp-block-heading alignfull has-text-align-center has-primary-color has-text-color\">Un FabLab au c\u0153ur de la ruralit\u00e9<\/h1>\n\n\n\n<p> <\/p>\n\n\n\n<p class=\"has-text-align-center\"><strong><span class=\"has-inline-color has-white-color\">Le FabLab du Don est un tiers-lieu ouvert \u00e0 toutes et \u00e0 tous, pour apprendre \u00e0 fabriquer ou r\u00e9parer un peu tout.<\/span><\/strong><\/p>\n<\/div>\n<\/div>\n\n\n\n<p><\/p>\n<\/div><\/div>\n\n\n\n<p><\/p>\n\n\n\n<h2 class=\"wp-block-heading\"><mark style=\"background-color:rgba(0, 0, 0, 0)\" class=\"has-inline-color has-vivid-cyan-blue-color\">Qu\u2019est-ce qu\u2019un FabLab\u00a0?<\/mark><\/h2>\n\n\n\n<p>Le mot FabLab est la contraction de l\u2019anglais \u00ab&nbsp;<em>FABrication LABoratory&nbsp;<\/em>\u00bb et correspond \u00e0 un laboratoire de fabrication num\u00e9rique. On y fabrique, \u00e0 l\u2019aide d\u2019outils informatiques et \u00e9lectroniques. L\u2019\u00e9quipement embl\u00e9matique du FabLab est l\u2019imprimante 3D.<\/p>\n\n\n\n<p>Le concept vient du MIT (<em>Massachussets Institute of Technology<\/em>). La <em>FabFoundation<\/em> pilote les FabLabs \u00ab&nbsp;officiels&nbsp;\u00bb qui respectent la \u00ab&nbsp;Fab Charter&nbsp;\u00bb, la charte qui en substance dit qu\u2019il faut que le FabLab soit ouvert \u00e0 tous et partage ses projets avec les autres.<\/p>\n\n\n\n<p>Pour le moment, le FabLab du Don partage l\u2019esprit des FabLabs mais ne poss\u00e8de pas tout l\u2019\u00e9quipement n\u00e9cessaire pour \u00eatre r\u00e9f\u00e9renc\u00e9 dans l\u2019organisation mondiale.<\/p>\n\n\n\n<h2 class=\"wp-block-heading\"><mark style=\"background-color:rgba(0, 0, 0, 0)\" class=\"has-inline-color has-vivid-cyan-blue-color\">Pour fabriquer quoi\u00a0?<\/mark><\/h2>\n\n\n\n<p>En th\u00e9orie, un peu tout ce qui peut \u00eatre fabriqu\u00e9. Pour \u00eatre plus concret, voici une liste de quelques projets pr\u00e9vus \u00e0 Jans ou en cours dans d\u2019autres FabLabs de la r\u00e9gion ou d\u2019ailleurs&nbsp;:<\/p>\n\n\n\n<ul>\n<li>Un <strong>pilulier connect\u00e9<\/strong> qui d\u00e9livre les m\u00e9dicaments \u00e0 l\u2019heure pr\u00e9vue, avertit l\u2019utilisateur en cas de retard, alerte les proches en cas d\u2019oubli, pr\u00e9vient quand un m\u00e9dicament est proche de la fin de stock, dont la programmation peut \u00eatre v\u00e9rifi\u00e9e par le m\u00e9decin ou le pharmacien (projet marsacais\/jans\u00e9en au profit d\u2019une personne \u00e2g\u00e9e atteinte de la maladie d\u2019Alzheimer).<\/li>\n\n\n\n<li>Un <strong>pi\u00e8ge \u00e0 ragondin connect\u00e9<\/strong>. Dispositif fix\u00e9 sur un pi\u00e8ge \u00e0 ragondins pour envoyer un SMS au pi\u00e9geur en cas de d\u00e9clenchement du pi\u00e8ge.<\/li>\n\n\n\n<li>L\u2019<strong>escalier musical<\/strong> qui \u00e9quipe la m\u00e9diath\u00e8que d\u2019Allaire. Il joue une note \u00e0 chaque fois que l\u2019on pose le pied sur une marche. Pour monter une gamme, il faut monter l\u2019escalier (projet de La Vilaine Bidouille, le FabLab du pays de Redon).<\/li>\n\n\n\n<li>La <strong>3D \u00e0 l&rsquo;\u00e9cole \u00e9l\u00e9mentaire de A \u00e0 Z<\/strong>. Projet d\u2019assemblage d\u2019une imprimante 3D dans une \u00e9cole \u00e9l\u00e9mentaire en partenariat avec le \u00ab&nbsp;Plascilab&nbsp;\u00bb de l&rsquo;association Plan\u00e8te Sciences.<\/li>\n\n\n\n<li>Motorisation \u00e9lectrique d\u2019un fauteuil roulant, robot plieur de v\u00eatement, drone de surveillance des cultures, d\u00e9tecteur de nid de frelon asiatique, etc.<\/li>\n\n\n\n<li>R\u00e9alisation de la <strong>sc\u00e9nographie<\/strong> des \u00e9l\u00e8ves du Th\u00e9\u00e2tre Populaire Nantais. Conception de \u00ab&nbsp;panneaux glissants&nbsp;\u00bb permettant 19 changements de d\u00e9cors \u00e0 vue dans une soir\u00e9e. Conception d\u2019une console de type \u00ab&nbsp;Question pour un champion&nbsp;\u00bb avec l\u2019\u00e9lectronique permettant d\u2019identifier le premier qui appuie sur le \u00ab&nbsp;champignon&nbsp;\u00bb. D\u00e9cors de la pi\u00e8ce \u00ab&nbsp;20 minutes avant que la mort nous fauche&nbsp;\u00bb. Formation de base aux travaux manuels de r\u00e9alisation de d\u00e9cors.<\/li>\n<\/ul>\n\n\n\n<p>Le FabLab participe en tant que r\u00e9parateur b\u00e9n\u00e9vole \u00e0 chaque <em>Repair Caf\u00e9<\/em> organis\u00e9 par les Potes de 7 Lieux. Il assure \u00e9galement la fonction de \u00ab&nbsp;<em>Repair Caf\u00e9<\/em> permanent&nbsp;\u00bb, sur rendez-vous.<\/p>\n\n\n\n<h2 class=\"wp-block-heading\"><mark style=\"background-color:rgba(0, 0, 0, 0)\" class=\"has-inline-color has-vivid-cyan-blue-color\">Qui fabrique\u00a0?<\/mark><\/h2>\n\n\n\n<p>C\u2019est l\u2019utilisateur qui fabrique. Mais, souvent, l\u2019utilisateur a l\u2019envie mais ni les comp\u00e9tences ni le mat\u00e9riel. C\u2019est l\u00e0 qu\u2019intervient le FabLab qui apporte les comp\u00e9tences ou met en relation avec un sp\u00e9cialiste et qui poss\u00e8de un certain nombre d\u2019\u00e9quipements, d\u2019outils, de machines.<\/p>\n\n\n\n<p>L\u2019utilisateur devient alors un \u00ab&nbsp;maker<a href=\"#_ftn1\">[1]<\/a>&nbsp;\u00bb. Il apprend, il fabrique et peut dire apr\u00e8s&nbsp;: \u00ab&nbsp;c\u2019est moi qui l\u2019ai fait&nbsp;!&nbsp;\u00bb.<\/p>\n\n\n\n<h2 class=\"wp-block-heading has-primary-color has-text-color\"><mark style=\"background-color:rgba(0, 0, 0, 0)\" class=\"has-inline-color has-vivid-cyan-blue-color\">L\u2019\u00e9quipement actuel du FabLab du Don<\/mark><\/h2>\n\n\n\n<p>Il y a deux imprimantes 3D, une d\u00e9coupeuse laser, une brodeuse num\u00e9rique et une table de fraisage num\u00e9rique, ainsi que diff\u00e9rents outils de travail du bois (scies, d\u00e9fonceuse, ponceuse) et bien s\u00fbr les outils basiques d\u2019un atelier (perceuse, visseuse, perforateur, compresseur, etc.).<\/p>\n\n\n\n<p>Il y a aussi de quoi r\u00e9aliser quelques maquettes \u00e9lectroniques ou robotiques \u00e0 base de cartes <em>Arduino<\/em>, par exemple.<\/p>\n\n\n\n<p>L\u2019am\u00e9nagement des locaux n\u2019est pas termin\u00e9. Les confinements n\u2019ont pas \u00e9t\u00e9 tr\u00e8s favorables aux chantiers collectifs pr\u00e9vus et non r\u00e9alis\u00e9s.<\/p>\n\n\n\n<h2 class=\"wp-block-heading has-primary-color has-text-color\"><mark style=\"background-color:rgba(0, 0, 0, 0)\" class=\"has-inline-color has-vivid-cyan-blue-color\">Qui peut venir\u00a0?<\/mark><\/h2>\n\n\n\n<p>C\u2019est accessible \u00e0 tous \u00e0 partir de 7 ans et sans limite d\u2019\u00e2ge. Il n\u2019y a pas de frais d\u2019inscription. Le FabLab a \u00e9t\u00e9 cr\u00e9\u00e9 sur fonds priv\u00e9s, sans subvention. Sa structure juridique \u00e9volue&nbsp;: il adopte un statut associatif.<\/p>\n\n\n\n<h2 class=\"wp-block-heading has-primary-color has-text-color\"><mark style=\"background-color:rgba(0, 0, 0, 0)\" class=\"has-inline-color has-vivid-cyan-blue-color\">O\u00f9 trouver le FabLab du Don\u00a0?<\/mark><\/h2>\n\n\n\n<p>Le FabLab n\u2019est plus \u00e0 Marsac-sur-Don o\u00f9 il avait \u00e9t\u00e9 cr\u00e9\u00e9.<\/p>\n\n\n\n<p>Il s\u2019est install\u00e9 dans l\u2019ancien studio photographique de Jean-Louis KLEFIZE, \u00e0 Montaudevert (commune de Jans), \u00e0 deux pas de l\u2019\u00e9changeur avec la route des Estuaires, sortie C5 Marsac\/Jans.<\/p>\n\n\n\n<hr class=\"wp-block-separator has-css-opacity\"\/>\n\n\n\n<p><a href=\"#_ftnref1\">[1]<\/a> Maker se prononce \u00ab&nbsp;Mes c\u0153urs&nbsp;\u00bb.<\/p>\n","protected":false},"excerpt":{"rendered":"<p>Qu\u2019est-ce qu\u2019un FabLab\u00a0? Le mot FabLab est la contraction de l\u2019anglais \u00ab&nbsp;FABrication LABoratory&nbsp;\u00bb et correspond \u00e0 un laboratoire de fabrication num\u00e9rique. On y fabrique, \u00e0 l\u2019aide d\u2019outils informatiques et \u00e9lectroniques. L\u2019\u00e9quipement embl\u00e9matique du FabLab est l\u2019imprimante 3D. Le concept vient du MIT (Massachussets Institute of Technology). La FabFoundation pilote les FabLabs \u00ab&nbsp;officiels&nbsp;\u00bb qui respectent la [&hellip;]<\/p>\n","protected":false},"author":1,"featured_media":0,"parent":0,"menu_order":1,"comment_status":"closed","ping_status":"closed","template":"","meta":{"_monsterinsights_skip_tracking":false,"_monsterinsights_sitenote_active":false,"_monsterinsights_sitenote_note":"","_monsterinsights_sitenote_category":0,"site-sidebar-layout":"default","site-content-layout":"default","ast-site-content-layout":"default","site-content-style":"default","site-sidebar-style":"default","ast-global-header-display":"","ast-banner-title-visibility":"","ast-main-header-display":"","ast-hfb-above-header-display":"","ast-hfb-below-header-display":"","ast-hfb-mobile-header-display":"","site-post-title":"disabled","ast-breadcrumbs-content":"","ast-featured-img":"","footer-sml-layout":"","ast-disable-related-posts":"","theme-transparent-header-meta":"default","adv-header-id-meta":"","stick-header-meta":"","header-above-stick-meta":"","header-main-stick-meta":"","header-below-stick-meta":"","astra-migrate-meta-layouts":"default","ast-page-background-enabled":"default","ast-page-background-meta":{"desktop":{"background-color":"","background-image":"","background-repeat":"repeat","background-position":"center center","background-size":"auto","background-attachment":"scroll","background-type":"","background-media":"","overlay-type":"","overlay-color":"","overlay-opacity":"","overlay-gradient":""},"tablet":{"background-color":"","background-image":"","background-repeat":"repeat","background-position":"center center","background-size":"auto","background-attachment":"scroll","background-type":"","background-media":"","overlay-type":"","overlay-color":"","overlay-opacity":"","overlay-gradient":""},"mobile":{"background-color":"","background-image":"","background-repeat":"repeat","background-position":"center center","background-size":"auto","background-attachment":"scroll","background-type":"","background-media":"","overlay-type":"","overlay-color":"","overlay-opacity":"","overlay-gradient":""}},"ast-content-background-meta":{"desktop":{"background-color":"var(--ast-global-color-5)","background-image":"","background-repeat":"repeat","background-position":"center center","background-size":"auto","background-attachment":"scroll","background-type":"","background-media":"","overlay-type":"","overlay-color":"","overlay-opacity":"","overlay-gradient":""},"tablet":{"background-color":"var(--ast-global-color-5)","background-image":"","background-repeat":"repeat","background-position":"center center","background-size":"auto","background-attachment":"scroll","background-type":"","background-media":"","overlay-type":"","overlay-color":"","overlay-opacity":"","overlay-gradient":""},"mobile":{"background-color":"var(--ast-global-color-5)","background-image":"","background-repeat":"repeat","background-position":"center center","background-size":"auto","background-attachment":"scroll","background-type":"","background-media":"","overlay-type":"","overlay-color":"","overlay-opacity":"","overlay-gradient":""}},"footnotes":""},"aioseo_notices":[],"_links":{"self":[{"href":"https:\/\/fablabdudon.bzh\/index.php\/wp-json\/wp\/v2\/pages\/7"}],"collection":[{"href":"https:\/\/fablabdudon.bzh\/index.php\/wp-json\/wp\/v2\/pages"}],"about":[{"href":"https:\/\/fablabdudon.bzh\/index.php\/wp-json\/wp\/v2\/types\/page"}],"author":[{"embeddable":true,"href":"https:\/\/fablabdudon.bzh\/index.php\/wp-json\/wp\/v2\/users\/1"}],"replies":[{"embeddable":true,"href":"https:\/\/fablabdudon.bzh\/index.php\/wp-json\/wp\/v2\/comments?post=7"}],"version-history":[{"count":13,"href":"https:\/\/fablabdudon.bzh\/index.php\/wp-json\/wp\/v2\/pages\/7\/revisions"}],"predecessor-version":[{"id":934,"href":"https:\/\/fablabdudon.bzh\/index.php\/wp-json\/wp\/v2\/pages\/7\/revisions\/934"}],"wp:attachment":[{"href":"https:\/\/fablabdudon.bzh\/index.php\/wp-json\/wp\/v2\/media?parent=7"}],"curies":[{"name":"wp","href":"https:\/\/api.w.org\/{rel}","templated":true}]}}