{"id":46,"date":"2021-04-06T17:16:50","date_gmt":"2021-04-06T15:16:50","guid":{"rendered":"https:\/\/lefablabdudon.wordpress.com\/?page_id=46"},"modified":"2021-06-20T21:38:35","modified_gmt":"2021-06-20T19:38:35","slug":"les-statuts-de-lassociation","status":"publish","type":"page","link":"https:\/\/fablabdudon.bzh\/index.php\/les-statuts-de-lassociation\/","title":{"rendered":"Les statuts de l&rsquo;association"},"content":{"rendered":"\n<p><\/p>\n\n\n\n<h3 class=\"wp-block-heading\">Article 1 :&nbsp;&nbsp;&nbsp;&nbsp;&nbsp; D\u00e9nomination<\/h3>\n\n\n\n<p>Il est fond\u00e9 entre les adh\u00e9rents et adh\u00e9rentes aux pr\u00e9sents statuts une association r\u00e9gie par la loi du 1er juillet 1901 et le d\u00e9cret du 16 ao\u00fbt 1901, ayant pour titre : Le FabLab du Don.<\/p>\n\n\n\n<h3 class=\"wp-block-heading\">Article 2 :&nbsp;&nbsp;&nbsp;&nbsp;&nbsp; Objets<\/h3>\n\n\n\n<p>L\u2019association a pour objets de :<\/p>\n\n\n\n<ul><li>Dispenser des formations sur des th\u00e9matiques li\u00e9es aux activit\u00e9s de l\u2019association, \u00e0 titre gratuit ou on\u00e9reux.<\/li><li>R\u00e9unir des personnes et des moyens afin de faciliter l\u2019innovation, la r\u00e9alisation de projets, la fabrication ou la r\u00e9paration d\u2019objets dans les domaines scientifiques, technologiques (num\u00e9riques ou manuels), culturels, artistiques et \u00e9cologiques.<\/li><li>Transmettre et vulgariser le savoir scientifique et technique, notamment aupr\u00e8s du jeune public et des s\u00e9niors.<\/li><li>Cr\u00e9er et entretenir le lien social en milieu rural.<\/li><\/ul>\n\n\n\n<p>L\u2019association a \u00e9galement pour objet de favoriser entre ses membres les \u00e9changes, l\u2019entraide, la solidarit\u00e9, la mutualisation de moyens, de pratiques, de connaissances, d\u2019exp\u00e9riences et de savoir-faire transdisciplinaire et multig\u00e9n\u00e9rationnel. Dans sa philosophie, l\u2019association cherche \u00e0 favoriser l\u2019apprentissage par la pratique, la r\u00e9appropriation de la technologie, y compris num\u00e9rique par les utilisateurs.<\/p>\n\n\n\n<p>L\u2019association s\u2019inscrit dans l\u2019\u00c9conomie Sociale et Solidaire.<\/p>\n\n\n\n<h3 class=\"wp-block-heading\">Article 3 :&nbsp;&nbsp;&nbsp;&nbsp;&nbsp; Si\u00e8ge social<\/h3>\n\n\n\n<p>Le si\u00e8ge social est fix\u00e9 \u00e0 l\u2019adresse suivante&nbsp;:<\/p>\n\n\n\n<p>Le FabLab du Don<\/p>\n\n\n\n<p>2, Montaudevert<\/p>\n\n\n\n<p>44170 Jans<\/p>\n\n\n\n<p>Il pourra \u00eatre transf\u00e9r\u00e9 par d\u00e9cision de l\u2019assembl\u00e9e g\u00e9n\u00e9rale.<\/p>\n\n\n\n<h3 class=\"wp-block-heading\">Article 4 :&nbsp;&nbsp;&nbsp;&nbsp;&nbsp; Dur\u00e9e<\/h3>\n\n\n\n<p>L\u2019association est cr\u00e9\u00e9e pour une dur\u00e9e illimit\u00e9e.<\/p>\n\n\n\n<h3 class=\"wp-block-heading\">Article 5 :&nbsp;&nbsp;&nbsp;&nbsp;&nbsp; Organisation<\/h3>\n\n\n\n<p>L\u2019association est compos\u00e9e de <strong>membres adh\u00e9rents<\/strong>. Pour \u00eatre adh\u00e9rent, il faut en avoir formalis\u00e9 la demande explicite. Les membres adh\u00e9rents peuvent utiliser ponctuellement les ressources locales de l\u2019association. Les membres adh\u00e9rents sont des personnes physiques ou morales, majeures ou mineures (\u00e9mancip\u00e9es ou non).<\/p>\n\n\n\n<p>Parmi les adh\u00e9rents, on distingue les <strong>membres actifs<\/strong> qui fr\u00e9quentent r\u00e9guli\u00e8rement le FabLab et par leurs contributions enrichissent les ressources de l\u2019association. Pour \u00eatre membre actif, il faut en avoir formalis\u00e9 la demande explicite, qui doit \u00eatre valid\u00e9e par un membre du bureau.<\/p>\n\n\n\n<p>Le <strong>bureau<\/strong> de l&rsquo;association est coll\u00e9gial et compos\u00e9 d&rsquo;au minimum deux membres actifs. Les membres du bureau sont d\u00e9sign\u00e9s parmi les membres actifs chaque ann\u00e9e lors d&rsquo;une assembl\u00e9e g\u00e9n\u00e9rale sur la base du volontariat et du consensus.<\/p>\n\n\n\n<p>Les <strong>membres fondateurs<\/strong> sont les personnes qui ont sign\u00e9 le compte-rendu de l\u2019assembl\u00e9e constitutive. Avant la premi\u00e8re assembl\u00e9e g\u00e9n\u00e9rale, les membres fondateurs forment le bureau.<\/p>\n\n\n\n<p>L\u2019association en tant que telle peut \u00eatre membre d\u2019autres associations, f\u00e9d\u00e9rations, unions ou regroupement.<\/p>\n\n\n\n<h3 class=\"wp-block-heading\">Article 6 :&nbsp;&nbsp;&nbsp;&nbsp;&nbsp; Radiation<\/h3>\n\n\n\n<p>La qualit\u00e9 de membre adh\u00e9rent, membre actif ou membre du bureau se perd par&nbsp;:<\/p>\n\n\n\n<ul><li>La demande explicite du membre (d\u00e9mission)<\/li><li>Le d\u00e9c\u00e8s (sauf si, de son vivant, le membre a exprim\u00e9 formellement le v\u0153u de rester <strong>membre posthume<\/strong>).<\/li><li>Une d\u00e9cision motiv\u00e9e propos\u00e9e par le bureau et adopt\u00e9e par les membres actifs.<\/li><\/ul>\n\n\n\n<h3 class=\"wp-block-heading\">Article 7 :&nbsp;&nbsp;&nbsp;&nbsp;&nbsp; Pouvoir d\u00e9cisionnel<\/h3>\n\n\n\n<p>Les d\u00e9cisions sont pr\u00e9par\u00e9es par le bureau et prises par les membres actifs, en pr\u00e9sentiel ou \u00e0 distance, par expression directe ou par procuration. Les modalit\u00e9s pratiques sont d\u00e9crites dans le r\u00e8glement int\u00e9rieur.<\/p>\n\n\n\n<p>En cas de vote, chaque membre actif dispose d\u2019une voix, quelle que soit sa fonction.<\/p>\n\n\n\n<h3 class=\"wp-block-heading\">Article 8 :&nbsp;&nbsp;&nbsp;&nbsp;&nbsp; Ressources<\/h3>\n\n\n\n<p>Les ressources de l\u2019association comprennent&nbsp;:<\/p>\n\n\n\n<ul><li>Les recettes de l\u2019association (vente de produits, services ou prestations)<\/li><li>Des dons, donations ou subventions.<\/li><li>Des financements participatifs.<\/li><li>Des cotisations, fixes ou libres, avec ou sans minimum.<\/li><\/ul>\n\n\n\n<p>De mani\u00e8re g\u00e9n\u00e9rale, toutes les ressources qui ne sont pas interdites par les lois et r\u00e8glements en vigueur sont autoris\u00e9es.<\/p>\n\n\n\n<p>Les \u00e9ventuelles cotisations sont fix\u00e9es dans le r\u00e8glement int\u00e9rieur.<\/p>\n\n\n\n<h3 class=\"wp-block-heading\">Article 9 :&nbsp;&nbsp;&nbsp;&nbsp;&nbsp; R\u00e8glement int\u00e9rieur<\/h3>\n\n\n\n<p>Le r\u00e8glement int\u00e9rieur est \u00e9tabli par l\u2019assembl\u00e9e g\u00e9n\u00e9rale. Ce r\u00e8glement est destin\u00e9 \u00e0 fixer les diff\u00e9rents points non pr\u00e9vus par les pr\u00e9sents statuts, notamment ceux qui ont trait aux responsabilit\u00e9s des membres, \u00e0 l\u2019utilisation des machines et au fonctionnement du FabLab pour garantir la s\u00e9curit\u00e9 des biens et des personnes.<\/p>\n\n\n\n<h3 class=\"wp-block-heading\">Article 10 : Dissolution<\/h3>\n\n\n\n<p>En cas de dissolution, les locaux mis \u00e0 disposition seront lib\u00e9r\u00e9s, les mat\u00e9riels et outillages mis \u00e0 disposition seront restitu\u00e9s et les actifs propres \u00e0 l\u2019association seront distribu\u00e9s \u00e0 d\u2019autres associations de FabLab, de pr\u00e9f\u00e9rence en Bretagne historique.<\/p>\n","protected":false},"excerpt":{"rendered":"<p>Article 1 :&nbsp;&nbsp;&nbsp;&nbsp;&nbsp; D\u00e9nomination Il est fond\u00e9 entre les adh\u00e9rents et adh\u00e9rentes aux pr\u00e9sents statuts une association r\u00e9gie par la loi du 1er juillet 1901 et le d\u00e9cret du 16 ao\u00fbt 1901, ayant pour titre : Le FabLab du Don. Article 2 :&nbsp;&nbsp;&nbsp;&nbsp;&nbsp; Objets L\u2019association a pour objets de : Dispenser des formations sur des [&hellip;]<\/p>\n","protected":false},"author":1,"featured_media":0,"parent":0,"menu_order":0,"comment_status":"closed","ping_status":"closed","template":"","meta":{"_monsterinsights_skip_tracking":false,"_monsterinsights_sitenote_active":false,"_monsterinsights_sitenote_note":"","_monsterinsights_sitenote_category":0,"site-sidebar-layout":"default","site-content-layout":"default","ast-site-content-layout":"default","site-content-style":"default","site-sidebar-style":"default","ast-global-header-display":"","ast-banner-title-visibility":"","ast-main-header-display":"","ast-hfb-above-header-display":"","ast-hfb-below-header-display":"","ast-hfb-mobile-header-display":"","site-post-title":"","ast-breadcrumbs-content":"","ast-featured-img":"","footer-sml-layout":"","ast-disable-related-posts":"","theme-transparent-header-meta":"default","adv-header-id-meta":"","stick-header-meta":"","header-above-stick-meta":"","header-main-stick-meta":"","header-below-stick-meta":"","astra-migrate-meta-layouts":"default","ast-page-background-enabled":"default","ast-page-background-meta":{"desktop":{"background-color":"","background-image":"","background-repeat":"repeat","background-position":"center center","background-size":"auto","background-attachment":"scroll","background-type":"","background-media":"","overlay-type":"","overlay-color":"","overlay-opacity":"","overlay-gradient":""},"tablet":{"background-color":"","background-image":"","background-repeat":"repeat","background-position":"center center","background-size":"auto","background-attachment":"scroll","background-type":"","background-media":"","overlay-type":"","overlay-color":"","overlay-opacity":"","overlay-gradient":""},"mobile":{"background-color":"","background-image":"","background-repeat":"repeat","background-position":"center center","background-size":"auto","background-attachment":"scroll","background-type":"","background-media":"","overlay-type":"","overlay-color":"","overlay-opacity":"","overlay-gradient":""}},"ast-content-background-meta":{"desktop":{"background-color":"var(--ast-global-color-5)","background-image":"","background-repeat":"repeat","background-position":"center center","background-size":"auto","background-attachment":"scroll","background-type":"","background-media":"","overlay-type":"","overlay-color":"","overlay-opacity":"","overlay-gradient":""},"tablet":{"background-color":"var(--ast-global-color-5)","background-image":"","background-repeat":"repeat","background-position":"center center","background-size":"auto","background-attachment":"scroll","background-type":"","background-media":"","overlay-type":"","overlay-color":"","overlay-opacity":"","overlay-gradient":""},"mobile":{"background-color":"var(--ast-global-color-5)","background-image":"","background-repeat":"repeat","background-position":"center center","background-size":"auto","background-attachment":"scroll","background-type":"","background-media":"","overlay-type":"","overlay-color":"","overlay-opacity":"","overlay-gradient":""}},"footnotes":""},"aioseo_notices":[],"_links":{"self":[{"href":"https:\/\/fablabdudon.bzh\/index.php\/wp-json\/wp\/v2\/pages\/46"}],"collection":[{"href":"https:\/\/fablabdudon.bzh\/index.php\/wp-json\/wp\/v2\/pages"}],"about":[{"href":"https:\/\/fablabdudon.bzh\/index.php\/wp-json\/wp\/v2\/types\/page"}],"author":[{"embeddable":true,"href":"https:\/\/fablabdudon.bzh\/index.php\/wp-json\/wp\/v2\/users\/1"}],"replies":[{"embeddable":true,"href":"https:\/\/fablabdudon.bzh\/index.php\/wp-json\/wp\/v2\/comments?post=46"}],"version-history":[{"count":4,"href":"https:\/\/fablabdudon.bzh\/index.php\/wp-json\/wp\/v2\/pages\/46\/revisions"}],"predecessor-version":[{"id":470,"href":"https:\/\/fablabdudon.bzh\/index.php\/wp-json\/wp\/v2\/pages\/46\/revisions\/470"}],"wp:attachment":[{"href":"https:\/\/fablabdudon.bzh\/index.php\/wp-json\/wp\/v2\/media?parent=46"}],"curies":[{"name":"wp","href":"https:\/\/api.w.org\/{rel}","templated":true}]}}