{"id":44,"date":"2021-04-06T17:03:39","date_gmt":"2021-04-06T15:03:39","guid":{"rendered":"https:\/\/lefablabdudon.wordpress.com\/?page_id=44"},"modified":"2022-01-18T17:48:05","modified_gmt":"2022-01-18T16:48:05","slug":"historique","status":"publish","type":"page","link":"https:\/\/fablabdudon.bzh\/index.php\/historique\/","title":{"rendered":"Historique"},"content":{"rendered":"\n<p><strong>Le FabLab (Laboratoire de fabrication) a d\u00e9marr\u00e9 ses activit\u00e9s en 2018 \u00e0 Marsac sur Don,&nbsp;<\/strong><\/p>\n\n\n\n<p><strong>En 2020 il d\u00e9m\u00e9nage \u00e0 Jans, et ses utilisateurs fondent une association loi 1901.<\/strong><\/p>\n\n\n\n<p><strong>Ancr\u00e9 dans un territoire rural le FabLab \u00e0 vocation de mutualiser des \u00e9quipements, des savoirs, et favoriser le lien social.<\/strong><\/p>\n\n\n\n<p><\/p>\n\n\n\n<p><\/p>\n\n\n\n<figure class=\"wp-block-image size-large is-style-default\"><img decoding=\"async\" loading=\"lazy\" width=\"1024\" height=\"768\" src=\"https:\/\/fablabdudon.bzh\/wp-content\/uploads\/2021\/06\/IMG_20210620_162349-1024x768.jpg\" alt=\"\" class=\"wp-image-438\" srcset=\"https:\/\/fablabdudon.bzh\/wp-content\/uploads\/2021\/06\/IMG_20210620_162349-1024x768.jpg 1024w, https:\/\/fablabdudon.bzh\/wp-content\/uploads\/2021\/06\/IMG_20210620_162349-300x225.jpg 300w, https:\/\/fablabdudon.bzh\/wp-content\/uploads\/2021\/06\/IMG_20210620_162349-768x576.jpg 768w, https:\/\/fablabdudon.bzh\/wp-content\/uploads\/2021\/06\/IMG_20210620_162349-1536x1152.jpg 1536w, https:\/\/fablabdudon.bzh\/wp-content\/uploads\/2021\/06\/IMG_20210620_162349-2048x1536.jpg 2048w\" sizes=\"(max-width: 1024px) 100vw, 1024px\" \/><figcaption><em>Venez nous rencontrer et prendre un caf\u00e9 au FabLab !<\/em><\/figcaption><\/figure>\n\n\n\n<p><\/p>\n\n\n\n<p><strong>2018<\/strong>  Installation \u00e0 Marsac-sur-Don<\/p>\n\n\n\n<p><strong>2020<\/strong>  Emm\u00e9nagement \u00e0 Jans<\/p>\n\n\n\n<p><strong>2021<\/strong>  Cr\u00e9ation de l&rsquo; Association <\/p>\n","protected":false},"excerpt":{"rendered":"<p>Le FabLab (Laboratoire de fabrication) a d\u00e9marr\u00e9 ses activit\u00e9s en 2018 \u00e0 Marsac sur Don,&nbsp; En 2020 il d\u00e9m\u00e9nage \u00e0 Jans, et ses utilisateurs fondent une association loi 1901. Ancr\u00e9 dans un territoire rural le FabLab \u00e0 vocation de mutualiser des \u00e9quipements, des savoirs, et favoriser le lien social. 2018 Installation \u00e0 Marsac-sur-Don 2020 Emm\u00e9nagement [&hellip;]<\/p>\n","protected":false},"author":1,"featured_media":0,"parent":0,"menu_order":0,"comment_status":"closed","ping_status":"closed","template":"","meta":{"_monsterinsights_skip_tracking":false,"_monsterinsights_sitenote_active":false,"_monsterinsights_sitenote_note":"","_monsterinsights_sitenote_category":0,"site-sidebar-layout":"default","site-content-layout":"default","ast-site-content-layout":"default","site-content-style":"default","site-sidebar-style":"default","ast-global-header-display":"","ast-banner-title-visibility":"","ast-main-header-display":"","ast-hfb-above-header-display":"","ast-hfb-below-header-display":"","ast-hfb-mobile-header-display":"","site-post-title":"","ast-breadcrumbs-content":"","ast-featured-img":"","footer-sml-layout":"","ast-disable-related-posts":"","theme-transparent-header-meta":"disabled","adv-header-id-meta":"","stick-header-meta":"","header-above-stick-meta":"","header-main-stick-meta":"","header-below-stick-meta":"","astra-migrate-meta-layouts":"default","ast-page-background-enabled":"default","ast-page-background-meta":{"desktop":{"background-color":"","background-image":"","background-repeat":"repeat","background-position":"center center","background-size":"auto","background-attachment":"scroll","background-type":"","background-media":"","overlay-type":"","overlay-color":"","overlay-opacity":"","overlay-gradient":""},"tablet":{"background-color":"","background-image":"","background-repeat":"repeat","background-position":"center center","background-size":"auto","background-attachment":"scroll","background-type":"","background-media":"","overlay-type":"","overlay-color":"","overlay-opacity":"","overlay-gradient":""},"mobile":{"background-color":"","background-image":"","background-repeat":"repeat","background-position":"center center","background-size":"auto","background-attachment":"scroll","background-type":"","background-media":"","overlay-type":"","overlay-color":"","overlay-opacity":"","overlay-gradient":""}},"ast-content-background-meta":{"desktop":{"background-color":"var(--ast-global-color-5)","background-image":"","background-repeat":"repeat","background-position":"center center","background-size":"auto","background-attachment":"scroll","background-type":"","background-media":"","overlay-type":"","overlay-color":"","overlay-opacity":"","overlay-gradient":""},"tablet":{"background-color":"var(--ast-global-color-5)","background-image":"","background-repeat":"repeat","background-position":"center center","background-size":"auto","background-attachment":"scroll","background-type":"","background-media":"","overlay-type":"","overlay-color":"","overlay-opacity":"","overlay-gradient":""},"mobile":{"background-color":"var(--ast-global-color-5)","background-image":"","background-repeat":"repeat","background-position":"center center","background-size":"auto","background-attachment":"scroll","background-type":"","background-media":"","overlay-type":"","overlay-color":"","overlay-opacity":"","overlay-gradient":""}},"footnotes":""},"aioseo_notices":[],"_links":{"self":[{"href":"https:\/\/fablabdudon.bzh\/index.php\/wp-json\/wp\/v2\/pages\/44"}],"collection":[{"href":"https:\/\/fablabdudon.bzh\/index.php\/wp-json\/wp\/v2\/pages"}],"about":[{"href":"https:\/\/fablabdudon.bzh\/index.php\/wp-json\/wp\/v2\/types\/page"}],"author":[{"embeddable":true,"href":"https:\/\/fablabdudon.bzh\/index.php\/wp-json\/wp\/v2\/users\/1"}],"replies":[{"embeddable":true,"href":"https:\/\/fablabdudon.bzh\/index.php\/wp-json\/wp\/v2\/comments?post=44"}],"version-history":[{"count":9,"href":"https:\/\/fablabdudon.bzh\/index.php\/wp-json\/wp\/v2\/pages\/44\/revisions"}],"predecessor-version":[{"id":781,"href":"https:\/\/fablabdudon.bzh\/index.php\/wp-json\/wp\/v2\/pages\/44\/revisions\/781"}],"wp:attachment":[{"href":"https:\/\/fablabdudon.bzh\/index.php\/wp-json\/wp\/v2\/media?parent=44"}],"curies":[{"name":"wp","href":"https:\/\/api.w.org\/{rel}","templated":true}]}}