{"id":42,"date":"2021-04-06T17:04:49","date_gmt":"2021-04-06T15:04:49","guid":{"rendered":"https:\/\/lefablabdudon.wordpress.com\/?page_id=42"},"modified":"2022-05-04T08:14:58","modified_gmt":"2022-05-04T06:14:58","slug":"qui-sommes-nous","status":"publish","type":"page","link":"https:\/\/fablabdudon.bzh\/index.php\/qui-sommes-nous\/","title":{"rendered":"Qui sommes-nous ?"},"content":{"rendered":"\n<figure class=\"wp-block-image size-large is-style-default\"><img decoding=\"async\" loading=\"lazy\" width=\"1024\" height=\"683\" src=\"https:\/\/fablabdudon.bzh\/wp-content\/uploads\/2021\/06\/MG_9177-1024x683.jpg\" alt=\"\" class=\"wp-image-414\" srcset=\"https:\/\/fablabdudon.bzh\/wp-content\/uploads\/2021\/06\/MG_9177-1024x683.jpg 1024w, https:\/\/fablabdudon.bzh\/wp-content\/uploads\/2021\/06\/MG_9177-300x200.jpg 300w, https:\/\/fablabdudon.bzh\/wp-content\/uploads\/2021\/06\/MG_9177-768x512.jpg 768w, https:\/\/fablabdudon.bzh\/wp-content\/uploads\/2021\/06\/MG_9177-1536x1024.jpg 1536w\" sizes=\"(max-width: 1024px) 100vw, 1024px\" \/><\/figure>\n\n\n\n<p style=\"font-size:1px\">Pr\u00e9sents sur la photo de gauche \u00e0 droite : Emi (Octarine), Denis Muset-Desperot, Jean-Louis Kl\u00e9fize, Camille Yeye Monsini<\/p>\n\n\n\n<p>Le FabLab draine un terreau riche de nombreux profils, de tous \u00e2ges et de comp\u00e9tences vari\u00e9es. Sur la photo quelques membres de l&rsquo;association. <\/p>\n\n\n\n<p>De gauche \u00e0 droite : Emi, adh\u00e9rente (Aquarelles Octarine), Denis MUSET, fondateur initial et propri\u00e9taire des locaux du FabLab, Jean Louis KL\u00c9FIZE, membre fondateur et Camille YEYE MONSINI, membre fondateur. <\/p>\n\n\n\n<p><\/p>\n\n\n\n<p><\/p>\n\n\n\n<p><\/p>\n","protected":false},"excerpt":{"rendered":"<p>Pr\u00e9sents sur la photo de gauche \u00e0 droite : Emi (Octarine), Denis Muset-Desperot, Jean-Louis Kl\u00e9fize, Camille Yeye Monsini Le FabLab draine un terreau riche de nombreux profils, de tous \u00e2ges et de comp\u00e9tences vari\u00e9es. Sur la photo quelques membres de l&rsquo;association. De gauche \u00e0 droite : Emi, adh\u00e9rente (Aquarelles Octarine), Denis MUSET, fondateur initial et [&hellip;]<\/p>\n","protected":false},"author":1,"featured_media":0,"parent":0,"menu_order":0,"comment_status":"closed","ping_status":"closed","template":"","meta":{"_monsterinsights_skip_tracking":false,"_monsterinsights_sitenote_active":false,"_monsterinsights_sitenote_note":"","_monsterinsights_sitenote_category":0,"site-sidebar-layout":"default","site-content-layout":"default","ast-site-content-layout":"default","site-content-style":"default","site-sidebar-style":"default","ast-global-header-display":"","ast-banner-title-visibility":"","ast-main-header-display":"","ast-hfb-above-header-display":"","ast-hfb-below-header-display":"","ast-hfb-mobile-header-display":"","site-post-title":"","ast-breadcrumbs-content":"","ast-featured-img":"","footer-sml-layout":"","ast-disable-related-posts":"","theme-transparent-header-meta":"default","adv-header-id-meta":"","stick-header-meta":"","header-above-stick-meta":"","header-main-stick-meta":"","header-below-stick-meta":"","astra-migrate-meta-layouts":"default","ast-page-background-enabled":"default","ast-page-background-meta":{"desktop":{"background-color":"","background-image":"","background-repeat":"repeat","background-position":"center center","background-size":"auto","background-attachment":"scroll","background-type":"","background-media":"","overlay-type":"","overlay-color":"","overlay-opacity":"","overlay-gradient":""},"tablet":{"background-color":"","background-image":"","background-repeat":"repeat","background-position":"center center","background-size":"auto","background-attachment":"scroll","background-type":"","background-media":"","overlay-type":"","overlay-color":"","overlay-opacity":"","overlay-gradient":""},"mobile":{"background-color":"","background-image":"","background-repeat":"repeat","background-position":"center center","background-size":"auto","background-attachment":"scroll","background-type":"","background-media":"","overlay-type":"","overlay-color":"","overlay-opacity":"","overlay-gradient":""}},"ast-content-background-meta":{"desktop":{"background-color":"var(--ast-global-color-5)","background-image":"","background-repeat":"repeat","background-position":"center center","background-size":"auto","background-attachment":"scroll","background-type":"","background-media":"","overlay-type":"","overlay-color":"","overlay-opacity":"","overlay-gradient":""},"tablet":{"background-color":"var(--ast-global-color-5)","background-image":"","background-repeat":"repeat","background-position":"center center","background-size":"auto","background-attachment":"scroll","background-type":"","background-media":"","overlay-type":"","overlay-color":"","overlay-opacity":"","overlay-gradient":""},"mobile":{"background-color":"var(--ast-global-color-5)","background-image":"","background-repeat":"repeat","background-position":"center center","background-size":"auto","background-attachment":"scroll","background-type":"","background-media":"","overlay-type":"","overlay-color":"","overlay-opacity":"","overlay-gradient":""}},"footnotes":""},"aioseo_notices":[],"_links":{"self":[{"href":"https:\/\/fablabdudon.bzh\/index.php\/wp-json\/wp\/v2\/pages\/42"}],"collection":[{"href":"https:\/\/fablabdudon.bzh\/index.php\/wp-json\/wp\/v2\/pages"}],"about":[{"href":"https:\/\/fablabdudon.bzh\/index.php\/wp-json\/wp\/v2\/types\/page"}],"author":[{"embeddable":true,"href":"https:\/\/fablabdudon.bzh\/index.php\/wp-json\/wp\/v2\/users\/1"}],"replies":[{"embeddable":true,"href":"https:\/\/fablabdudon.bzh\/index.php\/wp-json\/wp\/v2\/comments?post=42"}],"version-history":[{"count":8,"href":"https:\/\/fablabdudon.bzh\/index.php\/wp-json\/wp\/v2\/pages\/42\/revisions"}],"predecessor-version":[{"id":823,"href":"https:\/\/fablabdudon.bzh\/index.php\/wp-json\/wp\/v2\/pages\/42\/revisions\/823"}],"wp:attachment":[{"href":"https:\/\/fablabdudon.bzh\/index.php\/wp-json\/wp\/v2\/media?parent=42"}],"curies":[{"name":"wp","href":"https:\/\/api.w.org\/{rel}","templated":true}]}}